{"id":765,"date":"2018-09-30T17:34:23","date_gmt":"2018-09-30T17:34:23","guid":{"rendered":"http:\/\/al-tet-onlinesales.allyoulovetrading.com\/?post_type=product&#038;p=765"},"modified":"2018-12-27T08:26:04","modified_gmt":"2018-12-27T08:26:04","slug":"economic-mutifunction-meter-mfm383a","status":"publish","type":"product","link":"https:\/\/al-tet-onlinesales.adbridgessolution.com\/index.php\/product\/economic-mutifunction-meter-mfm383a\/","title":{"rendered":"MFM383A"},"content":{"rendered":"<table class=\"table table-bordered table-striped\">\n<tbody>\n<tr>\n<th colspan=\"1\" rowspan=\"2\">Product Code<\/th>\n<th colspan=\"1\" rowspan=\"2\">Supply Voltage<\/th>\n<th class=\"text-center\" colspan=\"2\">Output<\/th>\n<th colspan=\"1\" rowspan=\"2\">Certification<\/th>\n<\/tr>\n<tr>\n<th>Pulse Output<\/th>\n<th>Communication (RS485)<\/th>\n<\/tr>\n<tr>\n<td class=\"0\">MFM383A<\/td>\n<td class=\"1\">100 to 240V AC (-15% to +12%)<\/td>\n<td class=\"2\">Yes<\/td>\n<td class=\"3\">Yes<\/td>\n<td class=\"4\">&#8212;<\/td>\n<\/tr>\n<tr>\n<td class=\"0\">MFM383A-C-CE<\/td>\n<td class=\"1\">100 to 240V AC (-15% to +12%)<\/td>\n<td class=\"2\">Yes<\/td>\n<td class=\"3\">Yes<\/td>\n<td class=\"4\">CE<\/td>\n<\/tr>\n<tr>\n<td class=\"0\">MFM383A-CU<\/td>\n<td class=\"1\">100 to 240V AC (-15% to +12%)<\/td>\n<td class=\"2\">Yes<\/td>\n<td class=\"3\">Yes<\/td>\n<td class=\"4\">CE, UL<\/td>\n<\/tr>\n<\/tbody>\n<\/table>\n","protected":false},"excerpt":{"rendered":"<h2 class=\"norm-text\">Economic Mutifunction Meter [MFM383A]<\/h2>\n<div class=\" pro-des\">\n<table class=\"table table-bordered table-striped\">\n<tbody>\n<tr class=\"odd\">\n<td class=\"a-left specname\">Display Type<\/td>\n<td class=\"a-left specvalue\">LCD with Backlight<\/td>\n<\/tr>\n<tr class=\"even\">\n<td class=\"a-left specname\">Display Configuration<\/td>\n<td class=\"a-left specvalue\">3 Rows of 4 Digits, 1 Row of 7 \u00bd Digits<\/td>\n<\/tr>\n<tr class=\"odd\">\n<td class=\"a-left specname\">Electrical Connection<\/td>\n<td class=\"a-left specvalue\">3\u00d8 &#8211; 3W, 3\u00d8 &#8211; 4W, 2\u00d8 &#8211; 3W, 1\u00d8 &#8211; 2W<\/td>\n<\/tr>\n<tr class=\"even\">\n<td class=\"a-left specname\">Type of Output<\/td>\n<td class=\"a-left specvalue\">Pulse Output<\/td>\n<\/tr>\n<tr class=\"odd\">\n<td class=\"a-left specname\">Features<\/td>\n<td class=\"a-left specvalue\">Password Protection, Energy (Active \/ Reactive \/ Apparent)<\/td>\n<\/tr>\n<tr class=\"even\">\n<td class=\"a-left specname\">Communication Protocol<\/td>\n<td class=\"a-left specvalue\">RS485 and MODBUS RTU<\/td>\n<\/tr>\n<tr class=\"odd\">\n<td class=\"a-left specname\">CT Primary<\/td>\n<td class=\"a-left specvalue\">1 \/ 5A to 10kA\u00a0\u00a0 (Programmable for Any Value)<\/td>\n<\/tr>\n<tr class=\"even\">\n<td class=\"a-left specname\">CT Secondary<\/td>\n<td class=\"a-left specvalue\">1 \/ 5A (Programmable)<\/td>\n<\/tr>\n<tr class=\"odd\">\n<td class=\"a-left specname\">PT Primary<\/td>\n<td class=\"a-left specvalue\">100V to 10kV (Programmable for Any Value)<\/td>\n<\/tr>\n<tr class=\"even\">\n<td class=\"a-left specname\">PT Secondary<\/td>\n<td class=\"a-left specvalue\">100V to 500V AC (L \u2013 L) (Programmable for Any Value)<\/td>\n<\/tr>\n<tr class=\"odd\">\n<td class=\"a-left specname\">Rated Input Current<\/td>\n<td class=\"a-left specvalue\">Nominal 5A AC (Min &#8211; 11mA Max &#8211; 6A)<\/td>\n<\/tr>\n<tr class=\"even\">\n<td class=\"a-left specname\">Supply Voltage<\/td>\n<td class=\"a-left specvalue\">100 to 240V AC (-15% to +12%)\u00a0 (45\/65Hz)<\/td>\n<\/tr>\n<tr class=\"odd\">\n<td class=\"a-left specname\">Size<\/td>\n<td class=\"a-left specvalue\">96 x 96mm<\/td>\n<\/tr>\n<tr class=\"even\">\n<td class=\"a-left specname\">Mounting Type<\/td>\n<td class=\"a-left specvalue\">Panel Mount<\/td>\n<\/tr>\n<tr class=\"odd\">\n<td class=\"a-left specname\">Certification<\/td>\n<td class=\"a-left specvalue\">CE, UL Listed<\/td>\n<\/tr>\n<\/tbody>\n<\/table>\n<\/div>\n","protected":false},"featured_media":842,"comment_status":"open","ping_status":"closed","template":"","meta":[],"product_cat":[78,66,59],"product_tag":[],"_links":{"self":[{"href":"https:\/\/al-tet-onlinesales.adbridgessolution.com\/index.php\/wp-json\/wp\/v2\/product\/765"}],"collection":[{"href":"https:\/\/al-tet-onlinesales.adbridgessolution.com\/index.php\/wp-json\/wp\/v2\/product"}],"about":[{"href":"https:\/\/al-tet-onlinesales.adbridgessolution.com\/index.php\/wp-json\/wp\/v2\/types\/product"}],"replies":[{"embeddable":true,"href":"https:\/\/al-tet-onlinesales.adbridgessolution.com\/index.php\/wp-json\/wp\/v2\/comments?post=765"}],"wp:featuredmedia":[{"embeddable":true,"href":"https:\/\/al-tet-onlinesales.adbridgessolution.com\/index.php\/wp-json\/wp\/v2\/media\/842"}],"wp:attachment":[{"href":"https:\/\/al-tet-onlinesales.adbridgessolution.com\/index.php\/wp-json\/wp\/v2\/media?parent=765"}],"wp:term":[{"taxonomy":"product_cat","embeddable":true,"href":"https:\/\/al-tet-onlinesales.adbridgessolution.com\/index.php\/wp-json\/wp\/v2\/product_cat?post=765"},{"taxonomy":"product_tag","embeddable":true,"href":"https:\/\/al-tet-onlinesales.adbridgessolution.com\/index.php\/wp-json\/wp\/v2\/product_tag?post=765"}],"curies":[{"name":"wp","href":"https:\/\/api.w.org\/{rel}","templated":true}]}}