{"id":1527,"date":"2019-01-03T05:18:26","date_gmt":"2019-01-03T05:18:26","guid":{"rendered":"http:\/\/al-tet-onlinesales.allyoulovetrading.com\/?post_type=product&#038;p=1527"},"modified":"2019-01-03T05:18:32","modified_gmt":"2019-01-03T05:18:32","slug":"cj1w-tc-2","status":"publish","type":"product","link":"https:\/\/al-tet-onlinesales.adbridgessolution.com\/index.php\/product\/cj1w-tc-2\/","title":{"rendered":"CJ1W-TC"},"content":{"rendered":"<p>\u2022 Built-in PID control with 2 or 4 control loops or ON\/OFF control<\/p>\n<p>\u2022 Direct input of 7 types of thermocouple or resistance thermometer<\/p>\n<p>\u2022 500 ms sampling cycle<\/p>\n<p>\u2022 RUN\/STOP control from CPU Unit<\/p>\n<p>\u2022 Unrestricted CPU Unit cycle time<\/p>\n<p>\u2022 Heater burnout detection<\/p>\n<p>\u2022 Auto-tuning (AT) function<\/p>\n<p>&nbsp;<\/p>\n<h4 class=\"heading-B02\">International Standards<\/h4>\n<div class=\"component-blockA01\">\n<div class=\"text\">\n<ul class=\"listA01\">\n<li>The standards are abbreviated as follows: U: UL, U1: UL (Class I Division 2 Products for Hazardous Locations), C: CSA, UC: cULus, UC1: cULus (Class I Division 2 Products for Hazardous Locations), CU: cUL, N: NK, L: Lloyd, and CE: EC Directives.<\/li>\n<li>Contact your OMRON representative for further details and applicable conditions for these standards.<\/li>\n<\/ul>\n<\/div>\n<\/div>\n<div class=\"component-blockA01\">\n<div class=\"text\">\n<div class=\"table-blockA01\">\n<table class=\"tableA01\" border=\"0\" cellspacing=\"0\">\n<tbody>\n<tr>\n<th class=\"heading center middle\" colspan=\"1\" rowspan=\"2\"><strong>Unit<br \/>\nclassi-<br \/>\nfica-<br \/>\ntion<\/strong><\/th>\n<td class=\"heading center middle\" colspan=\"1\" rowspan=\"2\"><strong>Product<br \/>\nname<\/strong><\/td>\n<th class=\"heading center middle\" colspan=\"3\" rowspan=\"1\"><strong>Specifications<\/strong><\/th>\n<td class=\"heading center middle\" colspan=\"1\" rowspan=\"2\"><strong>No. of<br \/>\nunit<br \/>\nnumbers<br \/>\nallocated<\/strong><\/td>\n<th class=\"heading center middle\" colspan=\"2\" rowspan=\"1\"><strong>Current<br \/>\nconsumption<br \/>\n(A)<\/strong><\/th>\n<td class=\"heading center middle\" colspan=\"1\" rowspan=\"2\"><strong>Model<\/strong><\/td>\n<th class=\"heading center middle\" colspan=\"1\" rowspan=\"2\"><strong>Stand-<br \/>\nards<\/strong><\/th>\n<\/tr>\n<tr>\n<th class=\"heading center middle\"><strong>No. of loops<\/strong><\/th>\n<td class=\"heading center middle\"><strong>Temperature<br \/>\nsensor inputs<\/strong><\/td>\n<th class=\"heading center middle\"><strong>Control outputs<\/strong><\/th>\n<td class=\"heading center middle\"><strong>5 V<\/strong><\/td>\n<th class=\"heading center middle\"><strong>24 V<\/strong><\/th>\n<\/tr>\n<tr>\n<th class=\"heading left middle\" colspan=\"1\" rowspan=\"8\"><strong>CJ1<br \/>\nSpecial<br \/>\nI\/O<br \/>\nUnits<\/strong><\/th>\n<td class=\"heading left middle\" colspan=\"1\" rowspan=\"8\"><strong>Temperature<br \/>\nControl<br \/>\nUnits<\/strong><\/p>\n<div class=\"image\"><img src=\"http:\/\/www.ia.omron.com\/tab\/family\/1438\/img\/cj1w-tc_lu_1_1.gif\" \/><\/div>\n<\/td>\n<td class=\"left middle\">4 loops<\/td>\n<td class=\"left middle\" colspan=\"1\" rowspan=\"4\">Thermocouple<br \/>\ninput<br \/>\n(R, S, K, J, T,<br \/>\nB, L)<\/td>\n<td class=\"left middle\">Open collector NPN<br \/>\noutputs (pulses)<\/td>\n<td class=\"center middle\" colspan=\"1\" rowspan=\"8\">2<\/td>\n<td class=\"center middle\">0.25<\/td>\n<td class=\"center middle\">&#8211;<\/td>\n<td class=\"left middle\"><strong>CJ1W-TC001 *<\/strong><\/td>\n<td class=\"left middle\" colspan=\"1\" rowspan=\"8\">UC1, N,<br \/>\nL, CE<\/td>\n<\/tr>\n<tr>\n<td class=\"left middle\">4 loops<\/td>\n<td class=\"left middle\">Open collector PNP<br \/>\noutputs (pulses)<\/td>\n<td class=\"center middle\">0.25<\/td>\n<td class=\"center middle\">&#8211;<\/td>\n<td class=\"left middle\"><strong>CJ1W-TC002 *<\/strong><\/td>\n<\/tr>\n<tr>\n<td class=\"left middle\">2 loops, heater<br \/>\nburnout detection<br \/>\nfunction<\/td>\n<td class=\"left middle\">Open collector NPN<br \/>\noutputs (pulses)<\/td>\n<td class=\"center middle\">0.25<\/td>\n<td class=\"center middle\">&#8211;<\/td>\n<td class=\"left middle\"><strong>CJ1W-TC003<\/strong><\/td>\n<\/tr>\n<tr>\n<td class=\"left middle\">2 loops, heater<br \/>\nburnout detection<br \/>\nfunction<\/td>\n<td class=\"left middle\">Open collector PNP<br \/>\noutputs (pulses)<\/td>\n<td class=\"center middle\">0.25<\/td>\n<td class=\"center middle\">&#8211;<\/td>\n<td class=\"left middle\"><strong>CJ1W-TC004<\/strong><\/td>\n<\/tr>\n<tr>\n<td class=\"left middle\">4 loops<\/td>\n<td class=\"left middle\" colspan=\"1\" rowspan=\"4\">Platinum<br \/>\nresistance<br \/>\nthermometer<br \/>\ninput<br \/>\n(JPt100, Pt100)<\/td>\n<td class=\"left middle\">Open collector NPN<br \/>\noutputs (pulses)<\/td>\n<td class=\"center middle\">0.25<\/td>\n<td class=\"center middle\">&#8211;<\/td>\n<td class=\"left middle\"><strong>CJ1W-TC101 *<\/strong><\/td>\n<\/tr>\n<tr>\n<td class=\"left middle\">4 loops<\/td>\n<td class=\"left middle\">Open collector PNP<br \/>\noutputs (pulses)<\/td>\n<td class=\"center middle\">0.25<\/td>\n<td class=\"center middle\">&#8211;<\/td>\n<td class=\"left middle\"><strong>CJ1W-TC102 *<\/strong><\/td>\n<\/tr>\n<tr>\n<td class=\"left middle\">2 loops, heater<br \/>\nburnout detection<br \/>\nfunction<\/td>\n<td class=\"left middle\">Open collector NPN<br \/>\noutputs (pulses)<\/td>\n<td class=\"center middle\">0.25<\/td>\n<td class=\"center middle\">&#8211;<\/td>\n<td class=\"left middle\"><strong>CJ1W-TC103<\/strong><\/td>\n<\/tr>\n<tr>\n<td class=\"left middle\">2 loops, heater<br \/>\nburnout detection<br \/>\nfunction<\/td>\n<td class=\"left middle\">Open collector PNP<br \/>\noutputs (pulses)<\/td>\n<td class=\"center middle\">0.25<\/td>\n<td class=\"center middle\">&#8211;<\/td>\n<td class=\"left middle\"><strong>CJ1W-TC104<\/strong><\/td>\n<\/tr>\n<\/tbody>\n<\/table>\n<\/div>\n<\/div>\n<\/div>\n<div class=\"component-blockA01\">\n<div class=\"text\">\n<p>* This unit cannot be used, with the Machine Automation Controller NJ-series.<\/p>\n<\/div>\n<\/div>\n<p>&nbsp;<\/p>\n<h4 class=\"heading-A02\">General Specifications<\/h4>\n<div class=\"component-blockA01\">\n<div class=\"text\">\n<div class=\"table-blockA01\">\n<table class=\"tableA01\" border=\"0\" cellspacing=\"0\">\n<tbody>\n<tr>\n<th class=\"heading center middle\"><strong>Item<\/strong><\/th>\n<td class=\"heading center middle\" colspan=\"4\" rowspan=\"1\"><strong>Specification<\/strong><\/td>\n<\/tr>\n<tr>\n<th class=\"heading left middle\"><strong>Unit classification<\/strong><\/th>\n<td class=\"left middle\" colspan=\"4\" rowspan=\"1\">CJ-series Special I\/O Unit<\/td>\n<\/tr>\n<tr>\n<th class=\"heading left middle\"><strong>Compatible Racks<\/strong><\/th>\n<td class=\"left middle\" colspan=\"4\" rowspan=\"1\">CJ-series CPU Rack or CJ-series Expansion Rack<\/td>\n<\/tr>\n<tr>\n<th class=\"heading left middle\"><strong>Max. number of<br \/>\nUnits<\/strong><\/th>\n<td class=\"left middle\" colspan=\"4\" rowspan=\"1\">10 Units\/Rack max. (CPU Rack or Expansion Rack)<\/td>\n<\/tr>\n<tr>\n<th class=\"heading left middle\" colspan=\"1\" rowspan=\"4\"><strong>CPU Unit data<br \/>\nareas for data<br \/>\nstorage\/exchange<\/strong><\/th>\n<td class=\"left middle\" colspan=\"1\" rowspan=\"2\">Special I\/O Unit Area<br \/>\n(960 words)<br \/>\nCIO 2000 to CIO 2959<\/td>\n<td class=\"left middle\" colspan=\"1\" rowspan=\"2\">20 words\/Unit for<br \/>\nconstant data<br \/>\nexchange (6 output<br \/>\nwords and 14<br \/>\ninput words)<\/td>\n<td class=\"left middle\">CPU Unit to<br \/>\nTemperature<br \/>\nControl Unit<\/td>\n<td class=\"left middle\">Set point (SP)<br \/>\nOperating commands<br \/>\nRUN\/STOP control<br \/>\nStart\/Stop AT<br \/>\nWrite commands<br \/>\nHeater burnout set value<\/td>\n<\/tr>\n<tr>\n<td class=\"left middle\">Temperature<br \/>\nControl Unit<br \/>\nto CPU Unit<\/td>\n<td class=\"left middle\">Process value (PV)<br \/>\nSet point (SP)<br \/>\nStatus<br \/>\nHeater current monitor<\/td>\n<\/tr>\n<tr>\n<td class=\"left middle\" colspan=\"1\" rowspan=\"2\">DM words allocated to<br \/>\nSpecial I\/O Units<br \/>\n(9,600 words)<br \/>\nD20000 to D29599<\/td>\n<td class=\"left middle\">10 words\/Unit<br \/>\ntransferred when<br \/>\npower is turned ON or<br \/>\nUnit is restarted<\/td>\n<td class=\"left middle\">CPU Unit to<br \/>\nTemperature<br \/>\nControl Unit<\/td>\n<td class=\"left middle\">Alarm mode<br \/>\nAlarm hysteresis<\/td>\n<\/tr>\n<tr>\n<td class=\"left middle\">90 words\/Unit for regular<br \/>\ndata exchange<\/td>\n<td class=\"left middle\">Two-way<br \/>\ntransfer<br \/>\nbetween CPU<br \/>\nUnit and<br \/>\nTemperature<br \/>\nControl Unit<\/td>\n<td class=\"left middle\">Alarm value<br \/>\nInput compensation value<br \/>\nControl period<br \/>\nHysteresis<br \/>\nProportional band<br \/>\nIntegral time<br \/>\nDerivative time<br \/>\nOutput monitor<\/td>\n<\/tr>\n<tr>\n<th class=\"heading left middle\"><strong>Insulation<br \/>\nresistance<\/strong><\/th>\n<td class=\"left middle\" colspan=\"4\" rowspan=\"1\">20 M \u03a9 min. (at 500 VDC) between the following points:<br \/>\nAll output and NC terminals and external AC terminals (Power Supply Unit)<br \/>\nAll input terminals and external AC terminals (Power Supply Unit)<br \/>\nAll input terminals and all output terminals<br \/>\nAll external DC terminals (inputs, outputs, and NC) and the FG plate<br \/>\nBetween input terminals (sensor and CT inputs)<br \/>\nI\/O terminals and NC terminals<\/td>\n<\/tr>\n<tr>\n<th class=\"heading left middle\"><strong>Dielectric strength<\/strong><\/th>\n<td class=\"left middle\" colspan=\"4\" rowspan=\"1\">2,000 VAC 50\/60 Hz for 1 min., detected current: 1 mA<br \/>\nThe output terminals\/NC terminals and external AC terminals (Power Supply Unit)<br \/>\n1,000 VAC 50\/60 Hz for 1 min., detected current: 1 mA<br \/>\nInput terminals and external AC terminals (Power Supply Unit)<br \/>\nInput terminals and output terminals<br \/>\nExternal DC terminals (inputs, outputs, and NC) and the FG plate<br \/>\n500 VAC 50\/60 Hz for 1 min., detected current: 1 mA<br \/>\nBetween input terminals (sensor and CT inputs)<br \/>\nI\/O terminals and NC terminals<\/td>\n<\/tr>\n<tr>\n<th class=\"heading left middle\"><strong>Internal current<br \/>\nconsumption<\/strong><\/th>\n<td class=\"left middle\" colspan=\"4\" rowspan=\"1\">250 mA max., 5 VDC<\/td>\n<\/tr>\n<tr>\n<th class=\"heading left middle\"><strong>Other<\/strong><\/th>\n<td class=\"left middle\" colspan=\"4\" rowspan=\"1\">Other general specifications conform to the CJ-series general specifications.<\/td>\n<\/tr>\n<tr>\n<th class=\"heading left middle\"><strong>Dimensions<\/strong><\/th>\n<td class=\"left middle\" colspan=\"4\" rowspan=\"1\">31 \u00d7 90 \u00d7 65 mm (W \u00d7 H \u00d7 D)<\/td>\n<\/tr>\n<tr>\n<th class=\"heading left middle\"><strong>Weight<\/strong><\/th>\n<td class=\"left middle\" colspan=\"4\" rowspan=\"1\">150 g max.<\/td>\n<\/tr>\n<\/tbody>\n<\/table>\n<\/div>\n<\/div>\n<\/div>\n<h4 class=\"heading-A02\">Characteristics<\/h4>\n<div class=\"component-blockA01\">\n<div class=\"text\">\n<div class=\"table-blockA01\">\n<table class=\"tableA01\" border=\"0\" cellspacing=\"0\">\n<tbody>\n<tr>\n<th class=\"heading center middle\"><strong>Item<\/strong><\/th>\n<td class=\"heading center middle\" colspan=\"2\" rowspan=\"1\"><strong>Specification<\/strong><\/td>\n<\/tr>\n<tr>\n<th class=\"heading left middle\"><strong>Model number<\/strong><\/th>\n<td class=\"left middle\">CJ1W-TC00[]<\/td>\n<td class=\"left middle\">CJ1W-TC10[]<\/td>\n<\/tr>\n<tr>\n<th class=\"heading left middle\"><strong>Temperature sensor<\/strong><\/th>\n<td class=\"left middle\">Thermocouple: R, S, K, J, T, L, B<\/td>\n<td class=\"left middle\">Platinum resistance thermometer: Pt100, JPt100<\/td>\n<\/tr>\n<tr>\n<th class=\"heading left middle\"><strong>Number of loops<\/strong><\/th>\n<td class=\"left middle\" colspan=\"2\" rowspan=\"1\">4 loops or 2 loops with heater burnout detection *1<\/td>\n<\/tr>\n<tr>\n<th class=\"heading left middle\"><strong>Control output<br \/>\nand heater burnout<br \/>\nalarm output<\/strong><\/th>\n<td class=\"left middle\" colspan=\"2\" rowspan=\"1\">NPN or PNP outputs, both with short-circuit protection *1<br \/>\nExternal power supply voltage: 24 VDC +10%, -15%<br \/>\nMax. switching capacity: 100 mA (per output)<br \/>\nLeakage current: 0.3 mA max.<br \/>\nResidual voltage: 3 V max.<\/td>\n<\/tr>\n<tr>\n<th class=\"heading left middle\"><strong>Temperature<br \/>\ncontrol method<\/strong><\/th>\n<td class=\"left middle\" colspan=\"2\" rowspan=\"1\">ON\/OFF control or PID control with two degrees of freedom (Set with pin 6 on the Unit&#8217;s DIP switch.)<\/td>\n<\/tr>\n<tr>\n<th class=\"heading left middle\"><strong>Control operation<\/strong><\/th>\n<td class=\"left middle\" colspan=\"2\" rowspan=\"1\">Forward or reverse operation (Set with pins 4 and 5 on the Unit&#8217;s DIP switch.)<\/td>\n<\/tr>\n<tr>\n<th class=\"heading left middle\"><strong>RUN\/STOP control<\/strong><\/th>\n<td class=\"left middle\" colspan=\"2\" rowspan=\"1\">Supported (Controlled from the CPU Unit through bits allocated in the Special I\/O Unit area.)<\/td>\n<\/tr>\n<tr>\n<th class=\"heading left middle\"><strong>Operation with<br \/>\nCPU Unit in<br \/>\nPROGRAM mode<\/strong><\/th>\n<td class=\"left middle\" colspan=\"2\" rowspan=\"1\">The Temperature Control Unit can be set to continue operating or stop operating when the CPU Unit is in PROGRAM mode. (Set with pin 1 on the Unit&#8217;s DIP switch.)<\/td>\n<\/tr>\n<tr>\n<th class=\"heading left middle\"><strong>Auto\/Manual<br \/>\nswitch for<br \/>\noperational output<\/strong><\/th>\n<td class=\"left middle\" colspan=\"2\" rowspan=\"1\">None<\/td>\n<\/tr>\n<tr>\n<th class=\"heading left middle\"><strong>Autotuning (AT)<br \/>\nof PID constant<\/strong><\/th>\n<td class=\"left middle\" colspan=\"2\" rowspan=\"1\">Supported (Controlled from the CPU Unit through bits allocated in the Special I\/O Unit area.)<\/td>\n<\/tr>\n<tr>\n<th class=\"heading left middle\"><strong>Indication accuracy<\/strong><\/th>\n<td class=\"left middle\">Celsius: \u00b1 0.3% of PV or \u00b1 1 \u00b0 C (whichever is larger) \u00b1 1 digit max.<br \/>\nFahrenheit: \u00b1 0.3% of PV or \u00b1 2 \u00b0 F (whichever is larger) \u00b1 1 digit max.<br \/>\nL and &#8211; 100 \u00b0 C or less for K and T are \u00b1 2 \u00b0 C \u00b1 1 digit max.<br \/>\n200 \u00b0 C or less for R and S is \u00b1 3 \u00b0 C \u00b1 1 digit max.<br \/>\nNo accuracy is specified for 400 \u00b0 C or less for B *2<\/td>\n<td class=\"left middle\">Celsius: \u00b1 0.3% of PV or \u00b1 0.8 \u00b0 C (whichever is larger) \u00b1 1 digit max.<br \/>\nFahrenheit: \u00b1 0.3% of PV or \u00b1 1.6 \u00b0 F (whichever is larger) \u00b1 1 digit max.<\/td>\n<\/tr>\n<tr>\n<th class=\"heading left middle\"><strong>Hysteresis (when<br \/>\nusing ON\/OFF control)<\/strong><\/th>\n<td class=\"left middle\" colspan=\"2\" rowspan=\"1\">0.0 to 999.9 \u00b0 C or \u00b0 F (0.1 \u00b0 C or \u00b0 F units)<\/td>\n<\/tr>\n<tr>\n<th class=\"heading left middle\"><strong>Proportional band<\/strong><\/th>\n<td class=\"left middle\" colspan=\"2\" rowspan=\"1\">0.1 to 999.9 \u00b0 C or \u00b0 F (0.1 \u00b0 C or \u00b0 F units)<\/td>\n<\/tr>\n<tr>\n<th class=\"heading left middle\"><strong>Integral (reset) time<\/strong><\/th>\n<td class=\"left middle\" colspan=\"2\" rowspan=\"1\">0 to 9,999 s (one-second units)<\/td>\n<\/tr>\n<tr>\n<th class=\"heading left middle\"><strong>Derivative (rate) time<\/strong><\/th>\n<td class=\"left middle\" colspan=\"2\" rowspan=\"1\">0 to 9,999 s (one-second units)<\/td>\n<\/tr>\n<tr>\n<th class=\"heading left middle\"><strong>Control period<\/strong><\/th>\n<td class=\"left middle\" colspan=\"2\" rowspan=\"1\">1 to 99 s (one-second units)<\/td>\n<\/tr>\n<tr>\n<th class=\"heading left middle\"><strong>Sampling period<\/strong><\/th>\n<td class=\"left middle\" colspan=\"2\" rowspan=\"1\">500 ms (4 loops)<\/td>\n<\/tr>\n<tr>\n<th class=\"heading left middle\"><strong>Output refresh period<\/strong><\/th>\n<td class=\"left middle\" colspan=\"2\" rowspan=\"1\">500 ms (4 loops)<\/td>\n<\/tr>\n<tr>\n<th class=\"heading left middle\"><strong>Display refresh period<\/strong><\/th>\n<td class=\"left middle\" colspan=\"2\" rowspan=\"1\">500 ms (4 loops)<\/td>\n<\/tr>\n<tr>\n<th class=\"heading left middle\"><strong>Input<br \/>\ncompensation<br \/>\nvalue<\/strong><\/th>\n<td class=\"left middle\" colspan=\"2\" rowspan=\"1\">&#8211; 99.9 to 999.9 \u00b0 C or \u00b0 F (0.1 \u00b0 C or \u00b0 F units)<\/td>\n<\/tr>\n<tr>\n<th class=\"heading left middle\"><strong>Alarm output<br \/>\nsetting range<\/strong><\/th>\n<td class=\"left middle\" colspan=\"2\" rowspan=\"1\">&#8211; 999 to 9,999 \u00b0 C or \u00b0 F (1 \u00b0 C or \u00b0 F units)<br \/>\nThe setting range will be &#8211; 99.9 to 999.9 \u00b0 C or \u00b0 F (0.1 \u00b0 C or \u00b0 F units) for K or J with decimal point mode, or platinum resistance thermometer.B24<\/td>\n<\/tr>\n<tr>\n<th class=\"heading left middle\"><strong>External terminal<br \/>\nconnections<\/strong><\/th>\n<td class=\"left middle\" colspan=\"2\" rowspan=\"1\">Removable terminal block with 18 points (M3 screws)<\/td>\n<\/tr>\n<tr>\n<th class=\"heading left middle\"><strong>Effect on the CPU<br \/>\nUnit&#8217;s cycle time<\/strong><\/th>\n<td class=\"left middle\" colspan=\"2\" rowspan=\"1\">0.4ms<\/td>\n<\/tr>\n<\/tbody>\n<\/table>\n<\/div>\n<\/div>\n<\/div>\n<div class=\"component-blockA01\">\n<div class=\"text\">\n<p>*1. The last three digits of the model number indicate the Unit&#8217;s features:<\/p>\n<\/div>\n<div class=\"image\"><img src=\"http:\/\/www.ia.omron.com\/Images\/cj1w-tc_sp_313-104682.jpg\" alt=\"CJ1W-TC Specifications 3 \" \/><\/div>\n<\/div>\n<div class=\"component-blockA01\">\n<div class=\"text\">\n<div>*2. Indication accuracy of thermocouples<br \/>\n\u2022 Accuracy ratings are given for the Temperature Control Unit used in a set with a cold-junction compensator (on the<br \/>\nterminal block). Always use the Unit and terminal block in a set. There are labels with serial numbers attached to<br \/>\nthe terminal blocks and Units to help keep track of the sets.<br \/>\n\u2022 When returning a thermocouple-type Temperature Control Unit for repair, always return the Unit and the terminal<br \/>\nblock (with the cold-junction compensator) as a set.<\/div>\n<\/div>\n<\/div>\n<h4 class=\"heading-A02\">Heater Burnout (HB) Alarm<\/h4>\n<div class=\"component-blockA01\">\n<div class=\"text\">\n<div class=\"table-blockA01\">\n<table class=\"tableA01\" border=\"0\" cellspacing=\"0\">\n<tbody>\n<tr>\n<th class=\"heading center middle\"><strong>Item<\/strong><\/th>\n<td class=\"heading center middle\"><strong>Specification<\/strong><\/td>\n<\/tr>\n<tr>\n<td class=\"left middle\">Maximum heater current<\/td>\n<td class=\"left middle\">Single-phase AC, 50 A<\/td>\n<\/tr>\n<tr>\n<td class=\"left middle\">Indication accuracy of input current<\/td>\n<td class=\"left middle\">\u00b15% of full scale \u00b1 1 digit max.<\/td>\n<\/tr>\n<tr>\n<td class=\"left middle\">Heater burnout alarm setting range<\/td>\n<td class=\"left middle\">0.1 to 49.9 A (0.1 A units)<br \/>\nThe heater burnout detection function will not operate if the set value is set to 0.0 A or 50.0 A.<br \/>\n(When the SV is 0.0 A, the heather burnout alarm will be OFF. When the SV is 50.0 A, the heater<br \/>\nburnout alarm will be ON.)<\/td>\n<\/tr>\n<tr>\n<td class=\"left middle\">Min. detectable ON time *<\/td>\n<td class=\"left middle\">200 ms<\/td>\n<\/tr>\n<\/tbody>\n<\/table>\n<\/div>\n<\/div>\n<\/div>\n<div class=\"component-blockA01\">\n<div class=\"text\">\n<div>* If the control output is ON for less than 200 ms, the heater burnout detection function will not operate and heater<br \/>\ncurrent measurement will not be performed.<\/div>\n<\/div>\n<\/div>\n<h4 class=\"heading-B02\">Current Transformer (CT) Ratings<\/h4>\n<div class=\"component-blockA01\">\n<div class=\"text\">\n<div class=\"table-blockA01\">\n<table class=\"tableA01\" border=\"0\" cellspacing=\"0\">\n<tbody>\n<tr>\n<th class=\"heading center middle\"><strong>Item<\/strong><\/th>\n<td class=\"heading center middle\"><strong>E54-CT1<\/strong><\/td>\n<th class=\"heading center middle\"><strong>E54-CT3<\/strong><\/th>\n<\/tr>\n<tr>\n<td class=\"left middle\">Max. continuous heater current<\/td>\n<td class=\"left middle\">50A<\/td>\n<td class=\"left middle\">120 A *<\/td>\n<\/tr>\n<tr>\n<td class=\"left middle\">Dielectric strength<\/td>\n<td class=\"left middle\" colspan=\"2\" rowspan=\"1\">1,000 VAC (1 min.)<\/td>\n<\/tr>\n<tr>\n<td class=\"left middle\">Vibration resistance<\/td>\n<td class=\"left middle\" colspan=\"2\" rowspan=\"1\">50 Hz, 98 m\/s<sup>2<\/sup><\/td>\n<\/tr>\n<tr>\n<td class=\"left middle\">Weight<\/td>\n<td class=\"left middle\">Approx. 11.5 g<\/td>\n<td class=\"left middle\">Approx. 50 g<\/td>\n<\/tr>\n<tr>\n<td class=\"left middle\">Accessories<\/td>\n<td class=\"left middle\">None<\/td>\n<td class=\"left middle\">Contacts (2)<br \/>\nPlugs (2)<\/td>\n<\/tr>\n<\/tbody>\n<\/table>\n<\/div>\n<\/div>\n<\/div>\n<div class=\"component-blockA01\">\n<div class=\"text\">\n<p>Note: Do not use any Current Transformer (CT) other than the OMRON E54-CT1 or E54-CT3 Current Transformer.<br \/>\n* The maximum continuous heater current that can be detected at a CJ1W-TC[][][] Temperature Control Unit is 50 A.<\/p>\n<\/div>\n<\/div>\n<p>&nbsp;<\/p>\n<div class=\"component-blockA01\">\n<div class=\"text\">\n<p>(Unit: mm)<\/p>\n<\/div>\n<\/div>\n<h4 class=\"heading-B02\">CJ1W-TC[][][]<\/h4>\n<div class=\"component-blockA01\">\n<div class=\"image\"><img src=\"http:\/\/www.ia.omron.com\/Images\/cj1w-tc_dm_113-104684.jpg\" alt=\"CJ1W-TC Dimensions 2 CJ1W-TC[][][]_Dim\" \/><\/div>\n<\/div>\n<h4 class=\"heading-A02\">Current Transformer (Optional)<\/h4>\n<div class=\"component-blockA01 set-width\">\n<div class=\"text\">\n<h4 class=\"heading-B02\">E54-CT1<\/h4>\n<\/div>\n<div class=\"image\"><img src=\"http:\/\/www.ia.omron.com\/Images\/cj1w-tc_dm_213-104686.jpg\" alt=\"CJ1W-TC Dimensions 4 E54-CT1_Dim\" \/><\/div>\n<\/div>\n<div class=\"component-blockA01 set-width float-right\">\n<div class=\"text\">\n<h4 class=\"heading-B02\">E54-CT3<\/h4>\n<\/div>\n<div class=\"image\"><img src=\"http:\/\/www.ia.omron.com\/Images\/cj1w-tc_dm_313-104688.jpg\" alt=\"CJ1W-TC Dimensions 5 E54-CT3_Dim\" \/><\/div>\n<\/div>\n<div><\/div>\n<div><\/div>\n<div>\n<div class=\"inner-contents-area\">\n<div class=\"primary-contents-area\">\n<div class=\"tabpanel-blockA01\">\n<div class=\"editable-block\">\n<div class=\"table-blockA01\">\n<table id=\"global_data\" class=\"tableA01 tablesorter\" border=\"1\" cellspacing=\"0\">\n<thead>\n<tr class=\"tablesorter-header\">\n<th class=\"dl_name\">\n<div class=\"tablesorter-header-inner\">Catalog Name<\/div>\n<\/th>\n<th class=\"dl_cat_number\">\n<div class=\"tablesorter-header-inner\">Catalog Number<br \/>\n[size]<\/div>\n<\/th>\n<th class=\"dl_date tablesorter-header\">\n<div class=\"tablesorter-header-inner\">Last Update<\/div>\n<\/th>\n<\/tr>\n<\/thead>\n<tbody>\n<tr class=\"odd first-child\">\n<td><a href=\"http:\/\/www.ia.omron.com\/data_pdf\/cat\/cj1w-tc_ds_csm1622.pdf?id=1438\" target=\"_blank\" rel=\"noopener\"><img loading=\"lazy\" class=\"iconD01\" src=\"http:\/\/www.ia.omron.com\/resources\/images\/icon_pdf.gif\" alt=\"\" width=\"11\" height=\"12\" \/>\u00a0CJ1W-TC Data Sheet<\/a><\/td>\n<td>&#8211;<br \/>\n<span class=\"file-size\">[1312KB]<\/span><\/td>\n<td class=\"td_date\">Dec 19, 2011<\/td>\n<\/tr>\n<\/tbody>\n<\/table>\n<\/div>\n<\/div>\n<\/div>\n<\/div>\n<\/div>\n<div class=\"local-navi-area\">\n<div class=\"local-navi-area\">\n<div class=\"local-naviA01\">\n<h2 class=\"heading-link\"><\/h2>\n<\/div>\n<\/div>\n<\/div>\n<\/div>\n","protected":false},"excerpt":{"rendered":"<h2 class=\"heading-B02\">A Single Unit Performing All the Functions of 4 Temperature Controllers. This unit is available for CJ\/NJ controller.<\/h2>\n","protected":false},"featured_media":1442,"comment_status":"open","ping_status":"closed","template":"","meta":[],"product_cat":[90,63,72],"product_tag":[],"_links":{"self":[{"href":"https:\/\/al-tet-onlinesales.adbridgessolution.com\/index.php\/wp-json\/wp\/v2\/product\/1527"}],"collection":[{"href":"https:\/\/al-tet-onlinesales.adbridgessolution.com\/index.php\/wp-json\/wp\/v2\/product"}],"about":[{"href":"https:\/\/al-tet-onlinesales.adbridgessolution.com\/index.php\/wp-json\/wp\/v2\/types\/product"}],"replies":[{"embeddable":true,"href":"https:\/\/al-tet-onlinesales.adbridgessolution.com\/index.php\/wp-json\/wp\/v2\/comments?post=1527"}],"wp:featuredmedia":[{"embeddable":true,"href":"https:\/\/al-tet-onlinesales.adbridgessolution.com\/index.php\/wp-json\/wp\/v2\/media\/1442"}],"wp:attachment":[{"href":"https:\/\/al-tet-onlinesales.adbridgessolution.com\/index.php\/wp-json\/wp\/v2\/media?parent=1527"}],"wp:term":[{"taxonomy":"product_cat","embeddable":true,"href":"https:\/\/al-tet-onlinesales.adbridgessolution.com\/index.php\/wp-json\/wp\/v2\/product_cat?post=1527"},{"taxonomy":"product_tag","embeddable":true,"href":"https:\/\/al-tet-onlinesales.adbridgessolution.com\/index.php\/wp-json\/wp\/v2\/product_tag?post=1527"}],"curies":[{"name":"wp","href":"https:\/\/api.w.org\/{rel}","templated":true}]}}