{"id":1488,"date":"2019-01-03T00:45:04","date_gmt":"2019-01-03T00:45:04","guid":{"rendered":"http:\/\/al-tet-onlinesales.allyoulovetrading.com\/?post_type=product&#038;p=1488"},"modified":"2019-01-03T00:45:05","modified_gmt":"2019-01-03T00:45:05","slug":"cs1w-etn21","status":"publish","type":"product","link":"https:\/\/al-tet-onlinesales.adbridgessolution.com\/index.php\/product\/cs1w-etn21\/","title":{"rendered":"CS1W-ETN21"},"content":{"rendered":"<p>\u2022 Use Ethernet to implement various communications protocols.<\/p>\n<p>\u2022 Implement FINS message communications using UDP\/IP or TCP\/IP with a user application on a host computer or with Support Software, such as the CX-Programmer.<\/p>\n<p>\u2022 Use the clock on an SNTP server to automatically adjust the clocks in the PLCs connected to the Ethernet network. (An SNTP server is required separately.)<\/p>\n<p>\u2022 An FTP server is built in, so files can be used to transfer PLC data between network PLCs and workstations or personal computers with an FTP client.<\/p>\n<p>\u2022 Email can be used to send commands to the PLCs, or triggers can be set so that the PLCs will send PLC data or Ethernet Unit status to a host computer.<\/p>\n<p>\u2022 The standard UDP\/IP and TCP\/IP protocols are supported to enable communications with a wide range of devices, workstations, personal computers, and Ethernet modules from other manufacturers.<\/p>\n<p>\u2022 The SMTP\/POP3\/SNTP servers enable the use of host names instead of IP addresses. (A DNS server is required separately.)<\/p>\n<p>&nbsp;<\/p>\n<p>&nbsp;<\/p>\n<h4 class=\"heading-B02\">Applicable standards<\/h4>\n<div class=\"component-blockA01\">\n<div class=\"text\">\n<p>Refer to the OMRON website or ask your OMRON representative for the most recent applicable standards for each model.<\/p>\n<\/div>\n<\/div>\n<h4 class=\"heading-A02\">Ethernet Unit<\/h4>\n<div class=\"component-blockA01\">\n<div class=\"text\">\n<div class=\"table-blockA01\">\n<table class=\"tableA01\" border=\"0\" cellspacing=\"0\">\n<tbody>\n<tr class=\"first-child\">\n<th class=\"heading center middle\" colspan=\"1\" rowspan=\"2\"><strong>Unit<br \/>\ntype<\/strong><\/th>\n<th class=\"heading center middle\" colspan=\"1\" rowspan=\"2\"><strong>Product<br \/>\nName<\/strong><\/th>\n<th class=\"heading center middle\" colspan=\"4\" rowspan=\"1\"><strong>Specifications<\/strong><\/th>\n<th class=\"heading center middle\" colspan=\"1\" rowspan=\"2\"><strong>No.<br \/>\nof<br \/>\nunit<br \/>\nnum-<br \/>\nbers<br \/>\nallo-<br \/>\ncated<\/strong><\/th>\n<th class=\"heading center middle\" colspan=\"2\" rowspan=\"1\"><strong>Current<br \/>\nconsump-<br \/>\ntion (A)<\/strong><\/th>\n<th class=\"heading center middle\" colspan=\"1\" rowspan=\"2\"><strong>Model<\/strong><\/th>\n<\/tr>\n<tr>\n<th class=\"heading center middle\"><strong>Commu-<br \/>\nnications<br \/>\ncable<\/strong><\/th>\n<th class=\"heading center middle\"><strong>Communications<br \/>\nfunctions<\/strong><\/th>\n<th class=\"heading center middle\"><strong>Du-<br \/>\nplexing<\/strong><\/th>\n<th class=\"heading center middle\"><strong>Units<br \/>\nper<br \/>\nCPU<br \/>\nUnit<\/strong><\/th>\n<th class=\"heading center middle\"><strong>5 V<br \/>\nsys-<br \/>\ntem<\/strong><\/th>\n<th class=\"heading center middle\"><strong>26 V<br \/>\nsys-<br \/>\ntem<\/strong><\/th>\n<\/tr>\n<tr>\n<th class=\"heading left middle\"><strong>CS1<br \/>\nCPU<br \/>\nBus<br \/>\nUnit<\/strong><\/th>\n<th class=\"heading left middle\"><strong>Ethernet<br \/>\nUnits<br \/>\n<img title=\"1680_lu_1_1\" src=\"http:\/\/www.ia.omron.com\/Images\/1680_lu_1_113-245417.gif\" alt=\"1680_lu_1_1\" \/><\/strong><\/th>\n<td class=\"left middle\">100BASE-<br \/>\nTX Cable<\/td>\n<td class=\"left middle\">FINS communications<br \/>\nservice (TCP\/IP and<br \/>\nUDP\/IP), FTP server<br \/>\nfunction, socket<br \/>\nservice, mail send<br \/>\nservice, mail<br \/>\nreception (remote<br \/>\ncommand reception),<br \/>\nauto-adjustment of<br \/>\nPLC&#8217;s internal clock,<br \/>\nand server host name<br \/>\nspecification<\/td>\n<td class=\"left middle\">Not<br \/>\nsup-<br \/>\nported<\/td>\n<td class=\"left middle\">4<br \/>\nUnits<\/td>\n<td class=\"center middle\">1<\/td>\n<td class=\"center middle\">0.38<\/td>\n<td class=\"center middle\">&#8212;<\/td>\n<td class=\"left middle\"><strong>CS1W-ETN21<\/strong><\/td>\n<\/tr>\n<\/tbody>\n<\/table>\n<\/div>\n<\/div>\n<\/div>\n<div class=\"component-blockA01\">\n<div class=\"text\">\n<p>Note: There is no accessory for the CS-series Ethernet Unit.<\/p>\n<\/div>\n<\/div>\n<h4 class=\"heading-A02\">Industrial Switching Hubs<\/h4>\n<div class=\"component-blockA01\">\n<div class=\"text\">\n<div class=\"table-blockA01\">\n<table class=\"tableA01\" border=\"0\" cellspacing=\"0\">\n<tbody>\n<tr class=\"first-child\">\n<th class=\"heading center middle\" colspan=\"1\" rowspan=\"2\"><strong>Product<br \/>\nname<\/strong><\/th>\n<th class=\"heading center middle\" colspan=\"1\" rowspan=\"2\"><strong>Appearance<\/strong><\/th>\n<th class=\"heading center middle\" colspan=\"3\" rowspan=\"1\"><strong>Specifications<\/strong><\/th>\n<th class=\"heading center middle\" colspan=\"1\" rowspan=\"2\"><strong>Accessories<\/strong><\/th>\n<th class=\"heading center middle\" colspan=\"1\" rowspan=\"2\"><strong>Current<br \/>\nconsump-<br \/>\ntion (A)<\/strong><\/th>\n<th class=\"heading center middle\" colspan=\"1\" rowspan=\"2\"><strong>Model<\/strong><\/th>\n<\/tr>\n<tr>\n<th class=\"heading center middle\"><strong>Functions<\/strong><\/th>\n<th class=\"heading center middle\"><strong>No.<br \/>\nof<br \/>\npors<\/strong><\/th>\n<th class=\"heading center middle\"><strong>Failure<br \/>\ndetec-<br \/>\ntion<\/strong><\/th>\n<\/tr>\n<tr>\n<th class=\"heading left middle\" colspan=\"1\" rowspan=\"3\"><strong>Industrial<br \/>\nSwitching<br \/>\nHubs<\/strong><\/th>\n<td class=\"center middle\"><img title=\"1680_lu_2_1\" src=\"http:\/\/www.ia.omron.com\/Images\/1680_lu_2_113-245418.gif\" alt=\"1680_lu_2_1\" \/><\/td>\n<td class=\"left middle\" colspan=\"1\" rowspan=\"3\">Quality of Service<br \/>\n(QoS): EtherNet\/IP<br \/>\ncontrol data priority<br \/>\nFailure detection:<br \/>\nBroadcast storm and<br \/>\nLSI error detection<br \/>\n10\/100BASE-TX,<br \/>\nAuto-Negotiation<\/td>\n<td class=\"center middle\">3<\/td>\n<td class=\"center middle\">No<\/td>\n<td class=\"left middle\" colspan=\"1\" rowspan=\"2\">Power supply<br \/>\nconnector<\/td>\n<td class=\"center middle\">0.22<\/td>\n<td class=\"left middle\"><strong>W4S1-03B<\/strong><\/td>\n<\/tr>\n<tr>\n<td class=\"center middle\" colspan=\"1\" rowspan=\"2\"><img title=\"1680_lu_2_2\" src=\"http:\/\/www.ia.omron.com\/Images\/1680_lu_2_213-245419.gif\" alt=\"1680_lu_2_2\" \/><\/td>\n<td class=\"center middle\">5<\/td>\n<td class=\"center middle\">No<\/td>\n<td class=\"center middle\">0.22<\/td>\n<td class=\"left middle\"><strong>W4S1-05B<\/strong><\/td>\n<\/tr>\n<tr>\n<td class=\"center middle\">5<\/td>\n<td class=\"center middle\">Yes<\/td>\n<td class=\"left middle\">Power supply<br \/>\nconnector<br \/>\nConnector<br \/>\nfor informing<br \/>\nerror<\/td>\n<td class=\"center middle\">0.22<\/td>\n<td class=\"left middle\"><strong>W4S1-05C<\/strong><\/td>\n<\/tr>\n<\/tbody>\n<\/table>\n<\/div>\n<\/div>\n<\/div>\n<p>&nbsp;<\/p>\n<h4 class=\"heading-A02\">Ethernet Units Specifications<\/h4>\n<div class=\"component-blockA01\">\n<div class=\"text\">\n<div class=\"table-blockA01\">\n<table class=\"tableA01\" border=\"0\" cellspacing=\"0\">\n<tbody>\n<tr>\n<th class=\"heading center middle\" colspan=\"2\" rowspan=\"1\"><strong>Item<\/strong><\/th>\n<td class=\"heading center middle\" colspan=\"2\" rowspan=\"1\"><strong>Specifications<\/strong><\/td>\n<\/tr>\n<tr>\n<th class=\"heading left middle\" colspan=\"2\" rowspan=\"1\"><strong>Model number<\/strong><\/th>\n<td class=\"left middle\" colspan=\"2\" rowspan=\"1\">CS1W-ETN21<\/td>\n<\/tr>\n<tr>\n<th class=\"heading left middle\" colspan=\"2\" rowspan=\"1\"><strong>Type<\/strong><\/th>\n<td class=\"left middle\" colspan=\"2\" rowspan=\"1\">100Base-TX (Can be used as 10Base-T)<\/td>\n<\/tr>\n<tr>\n<th class=\"heading left middle\" colspan=\"2\" rowspan=\"1\"><strong>Applicable PLCs<\/strong><\/th>\n<td class=\"left middle\" colspan=\"2\" rowspan=\"1\">CS-series PLCs<\/td>\n<\/tr>\n<tr>\n<th class=\"heading left middle\" colspan=\"2\" rowspan=\"1\"><strong>Unit classification<\/strong><\/th>\n<td class=\"left middle\" colspan=\"2\" rowspan=\"1\">CS-series CPU Bus Unit<\/td>\n<\/tr>\n<tr>\n<th class=\"heading left middle\" colspan=\"2\" rowspan=\"1\"><strong>Mounting location<\/strong><\/th>\n<td class=\"left middle\" colspan=\"2\" rowspan=\"1\">CPU Rack or Expansion Rack<\/td>\n<\/tr>\n<tr>\n<th class=\"heading left middle\" colspan=\"2\" rowspan=\"1\"><strong>Number of Units that can be mounted<\/strong><\/th>\n<td class=\"left middle\" colspan=\"2\" rowspan=\"1\">4 max. (including Expansion Racks)<\/td>\n<\/tr>\n<tr>\n<th class=\"heading left middle\" colspan=\"1\" rowspan=\"7\"><strong>Transfer<br \/>\nspecifications<\/strong><\/th>\n<td class=\"heading left middle\"><strong>Media access method<\/strong><\/td>\n<td class=\"left middle\" colspan=\"2\" rowspan=\"1\">CSMA\/CD<\/td>\n<\/tr>\n<tr>\n<th class=\"heading left middle\"><strong>Modulation method<\/strong><\/th>\n<td class=\"left middle\" colspan=\"2\" rowspan=\"1\">Baseband<\/td>\n<\/tr>\n<tr>\n<th class=\"heading left middle\"><strong>Transmission paths<\/strong><\/th>\n<td class=\"left middle\" colspan=\"2\" rowspan=\"1\">Star form<\/td>\n<\/tr>\n<tr>\n<th class=\"heading left middle\"><strong>Baud rate<\/strong><\/th>\n<td class=\"left middle\">100 Mbit\/s (100Base-TX)<\/td>\n<td class=\"left middle\">10 Mbit\/s (10Base-TX)<\/td>\n<\/tr>\n<tr>\n<th class=\"heading left middle\"><strong>Transmission media<\/strong><\/th>\n<td class=\"left middle\">Unshielded twisted-pair (UDP) cable<br \/>\nCategories: 5, 5e<br \/>\nShielded twisted-pair (STP) cable<br \/>\nCategories: 100 \u03a9 at 5, 5e<\/td>\n<td class=\"left middle\">Unshielded twisted-pair (UDP) cable<br \/>\nCategories: 3, 4, 5, 5e<br \/>\nShielded twisted-pair (STP) cable<br \/>\nCategories: 100 \u03a9 at 3, 4, 5, 5e<\/td>\n<\/tr>\n<tr>\n<th class=\"heading left middle\"><strong>Transmission distance<\/strong><\/th>\n<td class=\"left middle\" colspan=\"2\" rowspan=\"1\">100 m (distance between hub and node)<\/td>\n<\/tr>\n<tr>\n<th class=\"heading left middle\"><strong>Number of cascade connections<\/strong><\/th>\n<td class=\"left middle\" colspan=\"2\" rowspan=\"1\">No restrictions if switching hubs are used.<\/td>\n<\/tr>\n<tr>\n<th class=\"heading left middle\" colspan=\"2\" rowspan=\"1\"><strong>Current consumption (Unit)<\/strong><\/th>\n<td class=\"left middle\" colspan=\"2\" rowspan=\"1\">380 mA max. at 5 V DC<\/td>\n<\/tr>\n<tr>\n<th class=\"heading left middle\" colspan=\"2\" rowspan=\"1\"><strong>Weight<\/strong><\/th>\n<td class=\"left middle\" colspan=\"2\" rowspan=\"1\">200 g max.<\/td>\n<\/tr>\n<tr>\n<th class=\"heading left middle\" colspan=\"2\" rowspan=\"1\"><strong>Dimensions<\/strong><\/th>\n<td class=\"left middle\" colspan=\"2\" rowspan=\"1\">35 \u00d7 130 \u00d7 101 mm (W \u00d7 H \u00d7 D)<\/td>\n<\/tr>\n<tr>\n<th class=\"heading left middle\" colspan=\"2\" rowspan=\"1\"><strong>Other general specifications<\/strong><\/th>\n<td class=\"left middle\" colspan=\"2\" rowspan=\"1\">Other specifications conform to the general specifications of the CS-series.<\/td>\n<\/tr>\n<\/tbody>\n<\/table>\n<\/div>\n<\/div>\n<\/div>\n<p>&nbsp;<\/p>\n<div class=\"component-blockA01\">\n<div class=\"text\">\n<p>(Unit: mm)<\/p>\n<\/div>\n<\/div>\n<h4 class=\"heading-B02\">CS1W-ETN21<\/h4>\n<div class=\"component-blockA01\">\n<div class=\"image\"><img src=\"http:\/\/www.ia.omron.com\/Images\/1680_dm_113-106782.gif\" alt=\"CS1W-ETN21 Dimensions 2 CS1W-ETN21_Dim\" \/><\/div>\n<\/div>\n<div><\/div>\n<div><\/div>\n<div>\n<div class=\"inner-contents-area\">\n<div class=\"primary-contents-area\">\n<div class=\"tabpanel-blockA01\">\n<div class=\"editable-block\">\n<div class=\"table-blockA01\">\n<table id=\"global_data\" class=\"tableA01 tablesorter\" border=\"1\" cellspacing=\"0\">\n<thead>\n<tr class=\"tablesorter-header\">\n<th class=\"dl_name\">\n<div class=\"tablesorter-header-inner\">Catalog Name<\/div>\n<\/th>\n<th class=\"dl_cat_number\">\n<div class=\"tablesorter-header-inner\">Catalog Number<br \/>\n[size]<\/div>\n<\/th>\n<th class=\"dl_date tablesorter-header\">\n<div class=\"tablesorter-header-inner\">Last Update<\/div>\n<\/th>\n<\/tr>\n<\/thead>\n<tbody>\n<tr class=\"odd first-child\">\n<td><a href=\"http:\/\/www.ia.omron.com\/data_pdf\/cat\/cs1w-etn21_ds_e_5_3_csm2091.pdf?id=1680\" target=\"_blank\" rel=\"noopener\"><img loading=\"lazy\" class=\"iconD01\" src=\"http:\/\/www.ia.omron.com\/resources\/images\/icon_pdf.gif\" alt=\"\" width=\"11\" height=\"12\" \/>\u00a0CS1W-ETN21 Data Sheet<\/a><\/td>\n<td>&#8211;<br \/>\n<span class=\"file-size\">[709KB]<\/span><\/td>\n<td class=\"td_date\">Dec 03, 2018<\/td>\n<\/tr>\n<\/tbody>\n<\/table>\n<\/div>\n<\/div>\n<\/div>\n<\/div>\n<\/div>\n<div class=\"local-navi-area\">\n<div class=\"local-navi-area\">\n<div class=\"local-naviA01\">\n<h2 class=\"heading-link\"><\/h2>\n<\/div>\n<\/div>\n<\/div>\n<\/div>\n","protected":false},"excerpt":{"rendered":"<h2 class=\"heading-B02\">Organically Connect the Production Site and Management<\/h2>\n","protected":false},"featured_media":1483,"comment_status":"open","ping_status":"closed","template":"","meta":[],"product_cat":[92,63,72],"product_tag":[],"_links":{"self":[{"href":"https:\/\/al-tet-onlinesales.adbridgessolution.com\/index.php\/wp-json\/wp\/v2\/product\/1488"}],"collection":[{"href":"https:\/\/al-tet-onlinesales.adbridgessolution.com\/index.php\/wp-json\/wp\/v2\/product"}],"about":[{"href":"https:\/\/al-tet-onlinesales.adbridgessolution.com\/index.php\/wp-json\/wp\/v2\/types\/product"}],"replies":[{"embeddable":true,"href":"https:\/\/al-tet-onlinesales.adbridgessolution.com\/index.php\/wp-json\/wp\/v2\/comments?post=1488"}],"wp:featuredmedia":[{"embeddable":true,"href":"https:\/\/al-tet-onlinesales.adbridgessolution.com\/index.php\/wp-json\/wp\/v2\/media\/1483"}],"wp:attachment":[{"href":"https:\/\/al-tet-onlinesales.adbridgessolution.com\/index.php\/wp-json\/wp\/v2\/media?parent=1488"}],"wp:term":[{"taxonomy":"product_cat","embeddable":true,"href":"https:\/\/al-tet-onlinesales.adbridgessolution.com\/index.php\/wp-json\/wp\/v2\/product_cat?post=1488"},{"taxonomy":"product_tag","embeddable":true,"href":"https:\/\/al-tet-onlinesales.adbridgessolution.com\/index.php\/wp-json\/wp\/v2\/product_tag?post=1488"}],"curies":[{"name":"wp","href":"https:\/\/api.w.org\/{rel}","templated":true}]}}