{"id":1474,"date":"2019-01-02T18:43:01","date_gmt":"2019-01-02T18:43:01","guid":{"rendered":"http:\/\/al-tet-onlinesales.allyoulovetrading.com\/?post_type=product&#038;p=1474"},"modified":"2019-01-03T01:06:12","modified_gmt":"2019-01-03T01:06:12","slug":"cj1w-pdc15-2","status":"publish","type":"product","link":"https:\/\/al-tet-onlinesales.adbridgessolution.com\/index.php\/product\/cj1w-pdc15-2\/","title":{"rendered":"CJ1W-PDC15"},"content":{"rendered":"<p>\u2022 Supports a maximum of four inputs in one Unit: resistance thermometer, thermocouple, and DC current\/voltage. (The input type is set separately for each input.)<\/p>\n<p>\u2022 Isolation between input channels prevents unwanted current paths between input channels.<\/p>\n<p>\u2022 Scaled values are transferred to the CPU Unit in four digits hexadecimal with voltage\/current inputs.<\/p>\n<p>\u2022 Process value alarm with two alarms for each input<\/p>\n<p>\u2022 Alarm ON-delay timer and hysteresis for process value<\/p>\n<p>\u2022 Zero\/Span adjustment capability during operation<\/p>\n<p>\u2022 Input error detection<\/p>\n<p>\u2022 Maximum or minimum process value can be specified for when an input error is detected.<\/p>\n<p>\u2022 A Unit with fully universal inputs, high-speed and high-resolution (256,000 resolution, 60 ms\/ch is available.)<\/p>\n<p>&nbsp;<\/p>\n<p>&nbsp;<\/p>\n<h4 class=\"heading-B02\">International Standards<\/h4>\n<div class=\"component-blockA01\">\n<div class=\"text\">\n<ul class=\"listA01\">\n<li>The standards are abbreviated as follows: U: UL, U1: UL (Class I Division 2 Products for Hazardous Locations), C: CSA, UC: cULus, UC1: cULus (Class I Division 2 Products for Hazardous Locations), CU: cUL, N: NK, L: Lloyd, and CE: EC Directives.<\/li>\n<li>Contact your OMRON representative for further details and applicable conditions for these standards.<\/li>\n<\/ul>\n<\/div>\n<\/div>\n<h4 class=\"heading-A02\">Isolated-type DC Input Units<\/h4>\n<div class=\"component-blockA01\">\n<div class=\"text\">\n<div class=\"table-blockA01\">\n<table class=\"tableA01\" border=\"0\" cellspacing=\"0\">\n<tbody>\n<tr>\n<th class=\"heading center middle\" colspan=\"1\" rowspan=\"2\"><strong>Unit<br \/>\nclassi-<br \/>\nfication<\/strong><\/th>\n<td class=\"heading center middle\" colspan=\"1\" rowspan=\"2\"><strong>Product<br \/>\nname<\/strong><\/td>\n<th class=\"heading center middle\" colspan=\"1\" rowspan=\"2\"><strong>Input<br \/>\npoints<\/strong><\/th>\n<td class=\"heading center middle\" colspan=\"1\" rowspan=\"2\"><strong>Signal<br \/>\nrange<br \/>\nselection<\/strong><\/td>\n<th class=\"heading center middle\" colspan=\"1\" rowspan=\"2\"><strong>Conver-<br \/>\nsion<br \/>\nspeed<br \/>\n(resolu-<br \/>\ntion)<\/strong><\/th>\n<td class=\"heading center middle\" colspan=\"1\" rowspan=\"2\"><strong>Accuracy<br \/>\n(at<br \/>\nambient<br \/>\ntempera-<br \/>\nture of<br \/>\n25 \u00b0 C)<\/strong><\/td>\n<th class=\"heading center middle\" colspan=\"1\" rowspan=\"2\"><strong>External<br \/>\nconnec-<br \/>\ntion<\/strong><\/th>\n<td class=\"heading center middle\" colspan=\"1\" rowspan=\"2\"><strong>No. of<br \/>\nunit<br \/>\nnum-<br \/>\nbers<br \/>\nallo-<br \/>\ncated<\/strong><\/td>\n<th class=\"heading center middle\" colspan=\"2\" rowspan=\"1\"><strong>Current<br \/>\nconsump-<br \/>\ntion (A)<\/strong><\/th>\n<td class=\"heading center middle\" colspan=\"1\" rowspan=\"2\"><strong>Model<\/strong><\/td>\n<th class=\"heading center middle\" colspan=\"1\" rowspan=\"2\"><strong>Stand-<br \/>\nards<\/strong><\/th>\n<\/tr>\n<tr>\n<th class=\"heading center middle\"><strong>5 V<\/strong><\/th>\n<td class=\"heading center middle\"><strong>24 V<\/strong><\/td>\n<\/tr>\n<tr>\n<th class=\"heading left middle\"><strong>CJ1<br \/>\nSpecial<br \/>\nI\/O<br \/>\nUnits<\/strong><\/th>\n<td class=\"heading left middle\"><strong>Iso-<br \/>\nlated-<br \/>\ntype<br \/>\nDC<br \/>\nInput<br \/>\nUnits<\/strong><\/p>\n<div class=\"image\"><strong><img src=\"http:\/\/www.ia.omron.com\/tab\/family\/1646\/img\/cj1w-pdc_lu_1_1.gif\" \/><\/strong><\/div>\n<\/td>\n<td class=\"left middle\">2<br \/>\ninputs<\/td>\n<td class=\"left middle\">DC voltage:<br \/>\n0 to 1.25 V,<br \/>\n-1.25 to<br \/>\n1.25 V,<br \/>\n0 to 5 V,<br \/>\n1 to 5 V,<br \/>\n-5 to 5 V,<br \/>\n0 to 10 V,<br \/>\n-10 to 10 V,<br \/>\n\u00b110 V<br \/>\nselectable<br \/>\nrange<\/p>\n<p>DC current:<br \/>\n0 to 20 mA,<br \/>\n4 to 20 mA<\/td>\n<td class=\"left middle\">Conver-<br \/>\nsion<br \/>\nspeed:<br \/>\n10 ms\/<br \/>\n2 inputs<\/p>\n<p>Resolu-<br \/>\ntion:<br \/>\n1\/64,000<\/td>\n<td class=\"left middle\">Accuracy:<br \/>\n\u00b1 0.05%<br \/>\nof F.S.<\/td>\n<td class=\"left middle\">Re-<br \/>\nmovable<br \/>\nterminal<br \/>\nblock<\/td>\n<td class=\"center middle\">1<\/td>\n<td class=\"center middle\">0.18<\/td>\n<td class=\"center middle\">0.09<br \/>\n*<\/td>\n<td class=\"left middle\"><strong>CJ1W-PDC15<\/strong><\/td>\n<td class=\"left middle\">UC1,<br \/>\nCE<\/td>\n<\/tr>\n<\/tbody>\n<\/table>\n<\/div>\n<\/div>\n<\/div>\n<div class=\"component-blockA01\">\n<div class=\"text\">\n<p>* This is for an external power supply, and not for internal current consumption.<\/p>\n<\/div>\n<\/div>\n<p>&nbsp;<\/p>\n<table class=\"tableA01\" border=\"0\" cellspacing=\"0\">\n<tbody>\n<tr>\n<th class=\"heading center middle\" colspan=\"2\" rowspan=\"1\"><strong>Item<\/strong><\/th>\n<td class=\"heading center middle\"><strong>Specifications<\/strong><\/td>\n<\/tr>\n<tr>\n<th class=\"heading left middle\" colspan=\"2\" rowspan=\"1\"><strong>Model<\/strong><\/th>\n<td class=\"left middle\">CJ1W-PDC15<\/td>\n<\/tr>\n<tr>\n<th class=\"heading left middle\" colspan=\"2\" rowspan=\"1\"><strong>Applicable Controller<\/strong><\/th>\n<td class=\"left middle\">CJ\/NJ Series<\/td>\n<\/tr>\n<tr>\n<th class=\"heading left middle\" colspan=\"2\" rowspan=\"1\"><strong>Unit classification<\/strong><\/th>\n<td class=\"left middle\">CJ-series Special I\/O Unit<\/td>\n<\/tr>\n<tr>\n<th class=\"heading left middle\" colspan=\"2\" rowspan=\"1\"><strong>Mounting position<\/strong><\/th>\n<td class=\"left middle\">CPU Rack or Expansion Rack<\/td>\n<\/tr>\n<tr>\n<th class=\"heading left middle\" colspan=\"2\" rowspan=\"1\"><strong>Maximum number of Units<\/strong><\/th>\n<td class=\"left middle\">40 (within the allowable current consumption and power consumption range)<\/td>\n<\/tr>\n<tr>\n<th class=\"heading left middle\" colspan=\"2\" rowspan=\"1\"><strong>Unit numbers<\/strong><\/th>\n<td class=\"left middle\">00 to 95 (Cannot duplicate Special I\/O Unit numbers.)<\/td>\n<\/tr>\n<tr>\n<th class=\"heading left middle\" colspan=\"1\" rowspan=\"4\"><strong>Areas for<br \/>\ndata<br \/>\nexchange<br \/>\nwith CPU<br \/>\nUnit<\/strong><\/th>\n<td class=\"heading left middle\"><strong>Special I\/O Unit<br \/>\nArea<br \/>\n(Operation Data)<\/strong><\/td>\n<td class=\"left middle\">10 words\/Unit<br \/>\nDirect Current Input Unit to CPU Unit:<br \/>\nAll process values, process value alarms (LL, L, H, HH), rate-of-change values, rate-of-change alarms<br \/>\n(L, H), disconnection alarms, cold junction sensor errors, adjustment period end\/notice<\/td>\n<\/tr>\n<tr>\n<th class=\"heading left middle\"><strong>DM Area words<br \/>\nallocated to<br \/>\nSpecial I\/O Units<br \/>\n(Setting parameter)<\/strong><\/th>\n<td class=\"left middle\">100 words\/Unit<br \/>\nCPU Unit to Direct Current Input Unit:<br \/>\nInput signal type, scaling of process value in industrial units, process value alarm setting (L, H), inrush<br \/>\ninput upper limit, inrush input upper limit time, zero\/span adjustment value, Square root function.<br \/>\nTemperature input signal type, input range (user set), scaling of process value data to be stored in<br \/>\nallocated words in CIO area, rate-of-change input range, scaling of rate-of-change data, number of<br \/>\nitems for moving average, process value alarm setting (LL, L, H, HH), rate-of-change alarm setting (L,<br \/>\nH), zero\/span adjustment value<\/td>\n<\/tr>\n<tr>\n<th class=\"heading left middle\"><strong>Expansion Control\/<br \/>\nMonitor Area<br \/>\n(Expansion<br \/>\nOperation Data)<\/strong><\/th>\n<td class=\"left middle\">35 words\/Unit<br \/>\nCPU Unit to Direct Current Input Unit:<br \/>\nBits for beginning or resetting the hold function selection, adjustment period control, control bits<br \/>\nDirect Current Input Unit to CPU Unit:<br \/>\nAdjustment period notices, peak and bottom values, top and valley values, integral values<\/td>\n<\/tr>\n<tr>\n<th class=\"heading left middle\"><strong>Expansion Setting<br \/>\nArea<br \/>\n(Expansion Setting<br \/>\nparameter)<\/strong><\/th>\n<td class=\"left middle\">46 words\/Unit<br \/>\nCPU Unit to Direct Current Input Unit:<br \/>\nExpansion Setting Area settings, adjustment period control, peak and bottom detection, top and valley<br \/>\ndetection, integral value calculation<\/td>\n<\/tr>\n<tr>\n<th class=\"heading left middle\" colspan=\"2\" rowspan=\"1\"><strong>Number of inputs<\/strong><\/th>\n<td class=\"left middle\">2<\/td>\n<\/tr>\n<tr>\n<th class=\"heading left middle\" colspan=\"2\" rowspan=\"1\"><strong>Input signal type<\/strong><\/th>\n<td class=\"left middle\">4 to 20 mA, 0 to 20 mA, 0 to 10 V, -10 to 10 V, 0 to 5 V, -5 to 5 V, 1 to 5 V, 0 to 1.25 V, -1.25 to<br \/>\n1.25 V (separate for each input), and \u00b110-V user-set range (specified range within -10.000 V to<br \/>\n10.000 V)<\/td>\n<\/tr>\n<tr>\n<th class=\"heading left middle\" colspan=\"2\" rowspan=\"1\"><strong>Scaling<\/strong><\/th>\n<td class=\"left middle\">Data to be stored in the allocated words in the CIO area must be scaled (Any minimum and maximum<br \/>\nvalues can be set.) (2 inputs set separately.) Data can be converted at 0% to 100%.<\/td>\n<\/tr>\n<tr>\n<th class=\"heading left middle\" colspan=\"2\" rowspan=\"1\"><strong>Data storage in the CIO Area<\/strong><\/th>\n<td class=\"left middle\">The value derived from carrying out the following processing in order of the actual process data in<br \/>\nthe input range is stored in four digits hexadecimal (binary values) in the allocated words in the CIO<br \/>\nArea.<br \/>\n1) Mean value processing \u2192 2) Scaling \u2192 3) Zero\/span adjustment \u2192 4) Square root calculation \u2192<br \/>\n5) Output limits<\/td>\n<\/tr>\n<tr>\n<th class=\"heading left middle\" colspan=\"2\" rowspan=\"1\"><strong>Accuracy (25 \u00b0 C)<\/strong><\/th>\n<td class=\"left middle\">\u00b10.05%<\/td>\n<\/tr>\n<tr>\n<th class=\"heading left middle\" colspan=\"2\" rowspan=\"1\"><strong>Temperature coefficient<\/strong><\/th>\n<td class=\"left middle\">\u00b10.008%\/\u00b0C<\/td>\n<\/tr>\n<tr>\n<th class=\"heading left middle\" colspan=\"2\" rowspan=\"1\"><strong>Resolution<\/strong><\/th>\n<td class=\"left middle\">1\/64,000<\/td>\n<\/tr>\n<tr>\n<th class=\"heading left middle\" colspan=\"2\" rowspan=\"1\"><strong>Input signal range<\/strong><\/th>\n<td class=\"left middle\">For 4 to 20 mA, 0 to 20 mA, 0 to 10 V, 0 to 5 V, 1 to 5 V, 0 to 1.25 V inputs: -15 to 115%<br \/>\nFor -10 to 10 V, -5 to 5 V, -1.25 to 1.25 V inputs: -7.5 to 107.5%<\/td>\n<\/tr>\n<tr>\n<th class=\"heading left middle\" colspan=\"2\" rowspan=\"1\"><strong>Input impedance<\/strong><\/th>\n<td class=\"left middle\">For current inputs: 250 \u03a9 (typical)<br \/>\nFor voltage inputs: 1 M\u03a9 min.<\/td>\n<\/tr>\n<tr>\n<th class=\"heading left middle\" colspan=\"2\" rowspan=\"1\"><strong>Warmup time<\/strong><\/th>\n<td class=\"left middle\">10 min<\/td>\n<\/tr>\n<tr>\n<th class=\"heading left middle\" colspan=\"2\" rowspan=\"1\"><strong>Conversion period<\/strong><\/th>\n<td class=\"left middle\">10 ms\/2 inputs<\/td>\n<\/tr>\n<tr>\n<th class=\"heading left middle\" colspan=\"2\" rowspan=\"1\"><strong>Maximum time to store data in<br \/>\nCPU Unit<\/strong><\/th>\n<td class=\"left middle\">Conversion period + one CPU Unit cycle<\/td>\n<\/tr>\n<tr>\n<th class=\"heading left middle\" colspan=\"2\" rowspan=\"1\"><strong>Input error detection<\/strong><\/th>\n<td class=\"left middle\">Check only for 4 to 20 mA and 1 to 5 V.<br \/>\nError detected for -17.2% (1.25 mA, 0.3125 V) or less and 112.5% (22 mA, 5.5 V) or more.<\/td>\n<\/tr>\n<tr>\n<th class=\"heading left middle\" colspan=\"2\" rowspan=\"1\"><strong>Operation at input<br \/>\ndisconnection<\/strong><\/th>\n<td class=\"left middle\">For 4 to 20 mA and 1 to 5 V: Stores -15% process value.<br \/>\nFor all other ranges: Stores same process value as 0-V or 0-mA inputs.<\/td>\n<\/tr>\n<tr>\n<th class=\"heading left middle\" colspan=\"2\" rowspan=\"1\"><strong>Input disconnection detection<br \/>\ndelay time<\/strong><\/th>\n<td class=\"left middle\">Approx. 1 s.<\/td>\n<\/tr>\n<tr>\n<th class=\"heading left middle\" colspan=\"1\" rowspan=\"9\"><strong>Function<\/strong><\/th>\n<td class=\"heading left middle\"><strong>Mean value<br \/>\nprocessing<br \/>\n(input filter)<\/strong><\/td>\n<td class=\"left middle\">Calculates the moving average for the past specified number of process values (1 to 128 can be<br \/>\nspecified), and stores that value in the CIO Area as the process value.<\/td>\n<\/tr>\n<tr>\n<th class=\"heading left middle\"><strong>Process value alarm<\/strong><\/th>\n<td class=\"left middle\">Process value 4-point alarm (LL, L H, HH), hysteresis, and ON-delay timer (0 to 60 s) are available.<\/td>\n<\/tr>\n<tr>\n<th class=\"heading left middle\"><strong>Rate-of-change<br \/>\ncalculation<\/strong><\/th>\n<td class=\"left middle\">Calculates the amount of change per comparison time interval (1 to 16 s).<\/td>\n<\/tr>\n<tr>\n<th class=\"heading left middle\"><strong>Rate-of-change<br \/>\nalarm<\/strong><\/th>\n<td class=\"left middle\">Rate-of-change 2-point alarm (H, L), alarm hysteresis, and ON-delay timer (0 to 60 s are available,<br \/>\nshared with process value alarm).<\/td>\n<\/tr>\n<tr>\n<th class=\"heading left middle\"><strong>Square root<br \/>\ncalculation<\/strong><\/th>\n<td class=\"left middle\">When the maximum value for process value scaling is A and the minimum value is B,<\/p>\n<div class=\"image\"><img src=\"http:\/\/www.ia.omron.com\/tab\/family\/1646\/img\/cj1w-pdc_sp_1_1.gif\" \/><br \/>\nDrop-out: Output approx. 7% max. linear (output = input) characteristic<br \/>\nNote 1.<br \/>\nThe square root function can only be used when the maximum scaling value is greater than the<br \/>\nminimum scaling value. The square root will not be found if the maximum is smaller than the minimum.<br \/>\nNote 2.<br \/>\nWhen the square root function is used, set the scaling values after square root calculation (e.g., for<br \/>\nflow rates or other values) for the process value scaling A and B settings.<\/div>\n<\/td>\n<\/tr>\n<tr>\n<th class=\"heading left middle\"><strong>Adjustment period<br \/>\ncontrol<\/strong><\/th>\n<td class=\"left middle\">When zero\/span adjustment is executed, the date is internally recorded at the Unit. When the preset<br \/>\nzero\/span adjustment period and the notice of days remaining set in the Expansion Setting Area have<br \/>\nelapsed, this function turns ON a warning flag to give notice that it is time for readjustment.<\/td>\n<\/tr>\n<tr>\n<th class=\"heading left middle\"><strong>Peak and bottom<br \/>\ndetection<\/strong><\/th>\n<td class=\"left middle\">Detects the maximum (peak) and minimum (bottom) analog input values, from when the Hold Start Bit<br \/>\n(output) allocated to the Expansion Control\/Monitor Area turns ON until it turns OFF. These values<br \/>\nare stored as the peak and bottom values in the Expansion Control\/Monitor Area.<\/td>\n<\/tr>\n<tr>\n<th class=\"heading left middle\"><strong>Top and valley<br \/>\ndetection<\/strong><\/th>\n<td class=\"left middle\">This function detects the top and valley values for analog inputs, from when the Hold Start Bit<br \/>\n(output) allocated to the Expansion Control\/Monitor Area turns ON until it turns OFF. These values<br \/>\nare stored as the top and valley values in the Expansion Control\/Monitor Area.<\/td>\n<\/tr>\n<tr>\n<th class=\"heading left middle\"><strong>Integral value<br \/>\ncalculation<\/strong><\/th>\n<td class=\"left middle\">This function calculates the analog input value&#8217;s time integral. The integral value is calculated and<br \/>\noutput to the Expansion Control\/Monitor Area when the Integral Value Calculation Start Bit in the<br \/>\nExpansion Control\/Monitor Area is turned ON.<\/td>\n<\/tr>\n<tr>\n<th class=\"heading left middle\" colspan=\"2\" rowspan=\"1\"><strong>Isolation<\/strong><\/th>\n<td class=\"left middle\">Between inputs and between inputs and Controller signals: Isolation by transformer and photocoupler.<\/td>\n<\/tr>\n<tr>\n<th class=\"heading left middle\" colspan=\"2\" rowspan=\"1\"><strong>Insulation resistance<\/strong><\/th>\n<td class=\"left middle\">20 M\u03a9 (at 500 V DC) between all inputs<\/td>\n<\/tr>\n<tr>\n<th class=\"heading left middle\" colspan=\"2\" rowspan=\"1\"><strong>Dielectric strength<\/strong><\/th>\n<td class=\"left middle\">Between inputs: 1,000 V AC, at 50\/60 Hz, for 1 min, leakage current 10 mA max.<\/td>\n<\/tr>\n<tr>\n<th class=\"heading left middle\" colspan=\"2\" rowspan=\"1\"><strong>External connections<\/strong><\/th>\n<td class=\"left middle\">Terminal block (detachable)<\/td>\n<\/tr>\n<tr>\n<th class=\"heading left middle\" colspan=\"2\" rowspan=\"1\"><strong>Unit number settings<\/strong><\/th>\n<td class=\"left middle\">Set by rotary switches on front panel, from 0 to 95.<\/td>\n<\/tr>\n<tr>\n<th class=\"heading left middle\" colspan=\"2\" rowspan=\"1\"><strong>Indicators<\/strong><\/th>\n<td class=\"left middle\">Four LED indicators on front panel (for normal operation, errors detected at the Direct Current Input<br \/>\nUnit, and errors detected at the CPU Unit).<\/td>\n<\/tr>\n<tr>\n<th class=\"heading left middle\" colspan=\"2\" rowspan=\"1\"><strong>Front panel connector<\/strong><\/th>\n<td class=\"left middle\">Sensor input connector terminal block (detachable)<\/td>\n<\/tr>\n<tr>\n<th class=\"heading left middle\" colspan=\"2\" rowspan=\"1\"><strong>Current consumption<\/strong><\/th>\n<td class=\"left middle\">5 V DC at 180 mA max.<\/td>\n<\/tr>\n<tr>\n<th class=\"heading left middle\" colspan=\"2\" rowspan=\"1\"><strong>External power supply<\/strong><\/th>\n<td class=\"left middle\">24 V DC +10%\/-15% 90 mA max., inrush current: 20 A for 1 ms max.<br \/>\n(The external 24-VDC power supply must be isolated.)<\/td>\n<\/tr>\n<tr>\n<th class=\"heading left middle\" colspan=\"2\" rowspan=\"1\"><strong>Dimensions<\/strong><\/th>\n<td class=\"left middle\">31 \u00d7 130 \u00d7 65 mm (W \u00d7 H \u00d7 D)<\/td>\n<\/tr>\n<tr>\n<th class=\"heading left middle\" colspan=\"2\" rowspan=\"1\"><strong>Weight<\/strong><\/th>\n<td class=\"left middle\">150 g max.<\/td>\n<\/tr>\n<tr>\n<th class=\"heading left middle\" colspan=\"2\" rowspan=\"1\"><strong>Standard accessories<\/strong><\/th>\n<td class=\"left middle\">Short bars (for current input)<\/td>\n<\/tr>\n<\/tbody>\n<\/table>\n<p>&nbsp;<\/p>\n<div class=\"component-blockA01\">\n<div class=\"text\">\n<p>(Unit: mm)<\/p>\n<\/div>\n<\/div>\n<h4 class=\"heading-B02\">CJ1W-PDC15<\/h4>\n<div class=\"component-blockA01\">\n<div class=\"image\"><img src=\"http:\/\/www.ia.omron.com\/Images\/1646_dm_113-106656.gif\" alt=\"CJ1W-PDC15 Dimensions 2 CJ1W-PDC15_Dim\" \/><\/div>\n<\/div>\n<div><\/div>\n<div><\/div>\n<div>\n<table id=\"global_data\" class=\"tableA01 tablesorter\" border=\"1\" cellspacing=\"0\">\n<thead>\n<tr class=\"tablesorter-header\">\n<th class=\"dl_name\">\n<div class=\"tablesorter-header-inner\">Catalog Name<\/div>\n<\/th>\n<th class=\"dl_cat_number\">\n<div class=\"tablesorter-header-inner\">Catalog Number<br \/>\n[size]<\/div>\n<\/th>\n<th class=\"dl_date tablesorter-header\">\n<div class=\"tablesorter-header-inner\">Last Update<\/div>\n<\/th>\n<\/tr>\n<\/thead>\n<tbody>\n<tr class=\"odd first-child\">\n<td><a href=\"http:\/\/www.ia.omron.com\/data_pdf\/cat\/cj1w-pts_pdc_ph41u_ad04u_ds_e_4_2_csm1632.pdf?id=1646\" target=\"_blank\" rel=\"noopener\"><img loading=\"lazy\" class=\"iconD01\" src=\"http:\/\/www.ia.omron.com\/resources\/images\/icon_pdf.gif\" alt=\"\" width=\"11\" height=\"12\" \/>\u00a0CJ1W-PTS\/PDC\/PH41U\/AD04U Data Sheet<\/a><\/td>\n<td>&#8211;<br \/>\n<span class=\"file-size\">[2136KB]<\/span><\/td>\n<td class=\"td_date\">Aug 18, 2015<\/td>\n<\/tr>\n<\/tbody>\n<\/table>\n<\/div>\n","protected":false},"excerpt":{"rendered":"<h2 class=\"heading-B02\">A Single Unit Handling All Types of Inputs such as Temperature Sensor Inputs and Analog Signal Inputs (e.g., 4 to 20 mA or 1 to 5 V). This unit is available for CJ\/NJ controller.<\/h2>\n","protected":false},"featured_media":1440,"comment_status":"open","ping_status":"closed","template":"","meta":[],"product_cat":[63,72,100],"product_tag":[],"_links":{"self":[{"href":"https:\/\/al-tet-onlinesales.adbridgessolution.com\/index.php\/wp-json\/wp\/v2\/product\/1474"}],"collection":[{"href":"https:\/\/al-tet-onlinesales.adbridgessolution.com\/index.php\/wp-json\/wp\/v2\/product"}],"about":[{"href":"https:\/\/al-tet-onlinesales.adbridgessolution.com\/index.php\/wp-json\/wp\/v2\/types\/product"}],"replies":[{"embeddable":true,"href":"https:\/\/al-tet-onlinesales.adbridgessolution.com\/index.php\/wp-json\/wp\/v2\/comments?post=1474"}],"wp:featuredmedia":[{"embeddable":true,"href":"https:\/\/al-tet-onlinesales.adbridgessolution.com\/index.php\/wp-json\/wp\/v2\/media\/1440"}],"wp:attachment":[{"href":"https:\/\/al-tet-onlinesales.adbridgessolution.com\/index.php\/wp-json\/wp\/v2\/media?parent=1474"}],"wp:term":[{"taxonomy":"product_cat","embeddable":true,"href":"https:\/\/al-tet-onlinesales.adbridgessolution.com\/index.php\/wp-json\/wp\/v2\/product_cat?post=1474"},{"taxonomy":"product_tag","embeddable":true,"href":"https:\/\/al-tet-onlinesales.adbridgessolution.com\/index.php\/wp-json\/wp\/v2\/product_tag?post=1474"}],"curies":[{"name":"wp","href":"https:\/\/api.w.org\/{rel}","templated":true}]}}